{"id":47,"date":"2021-04-16T12:53:05","date_gmt":"2021-04-16T10:53:05","guid":{"rendered":"http:\/\/enigmegame.com\/?page_id=47"},"modified":"2023-10-23T20:49:09","modified_gmt":"2023-10-23T18:49:09","slug":"enigme-game","status":"publish","type":"page","link":"https:\/\/enigmegame.com\/index.php\/enigme-game\/","title":{"rendered":"Enigme Game Napol\u00e9on"},"content":{"rendered":"","protected":true},"excerpt":{"rendered":"","protected":true},"author":1,"featured_media":0,"parent":0,"menu_order":0,"comment_status":"closed","ping_status":"closed","template":"","meta":[],"yoast_head":"<!-- This site is optimized with the Yoast SEO plugin v17.4 - https:\/\/yoast.com\/wordpress\/plugins\/seo\/ -->\n<title>Enigme Game Napol\u00e9on - Enigme Game par My Urban Experience<\/title>\n<meta name=\"robots\" content=\"index, follow, max-snippet:-1, max-image-preview:large, max-video-preview:-1\" \/>\n<link rel=\"canonical\" href=\"https:\/\/enigmegame.com\/index.php\/enigme-game\/\" \/>\n<meta property=\"og:locale\" content=\"fr_FR\" \/>\n<meta property=\"og:type\" content=\"article\" \/>\n<meta property=\"og:title\" content=\"Enigme Game Napol\u00e9on - Enigme Game par My Urban Experience\" \/>\n<meta property=\"og:description\" content=\"Il n\u2019y a pas d\u2019extrait, car cette publication est prot\u00e9g\u00e9e.\" \/>\n<meta property=\"og:url\" content=\"https:\/\/enigmegame.com\/index.php\/enigme-game\/\" \/>\n<meta property=\"og:site_name\" content=\"Enigme Game par My Urban Experience\" \/>\n<meta property=\"article:modified_time\" content=\"2023-10-23T18:49:09+00:00\" \/>\n<meta name=\"twitter:card\" content=\"summary_large_image\" \/>\n<meta name=\"twitter:label1\" content=\"Dur\u00e9e de lecture est.\" \/>\n\t<meta name=\"twitter:data1\" content=\"10 minutes\" \/>\n<script type=\"application\/ld+json\" class=\"yoast-schema-graph\">{\"@context\":\"https:\/\/schema.org\",\"@graph\":[{\"@type\":\"WebSite\",\"@id\":\"https:\/\/enigmegame.com\/#website\",\"url\":\"https:\/\/enigmegame.com\/\",\"name\":\"Enigme Game par My Urban Experience\",\"description\":\"Des jeux d&#039;enqu\\u00eate et d&#039;\\u00e9nigmes \\u00e0 faire \\u00e0 la maison\",\"potentialAction\":[{\"@type\":\"SearchAction\",\"target\":{\"@type\":\"EntryPoint\",\"urlTemplate\":\"https:\/\/enigmegame.com\/?s={search_term_string}\"},\"query-input\":\"required name=search_term_string\"}],\"inLanguage\":\"fr-FR\"},{\"@type\":\"WebPage\",\"@id\":\"https:\/\/enigmegame.com\/index.php\/enigme-game\/#webpage\",\"url\":\"https:\/\/enigmegame.com\/index.php\/enigme-game\/\",\"name\":\"Enigme Game Napol\\u00e9on - Enigme Game par My Urban Experience\",\"isPartOf\":{\"@id\":\"https:\/\/enigmegame.com\/#website\"},\"datePublished\":\"2021-04-16T10:53:05+00:00\",\"dateModified\":\"2023-10-23T18:49:09+00:00\",\"breadcrumb\":{\"@id\":\"https:\/\/enigmegame.com\/index.php\/enigme-game\/#breadcrumb\"},\"inLanguage\":\"fr-FR\"}]}<\/script>\n<!-- \/ Yoast SEO plugin. -->","yoast_head_json":{"title":"Enigme Game Napol\u00e9on - Enigme Game par My Urban Experience","robots":{"index":"index","follow":"follow","max-snippet":"max-snippet:-1","max-image-preview":"max-image-preview:large","max-video-preview":"max-video-preview:-1"},"canonical":"https:\/\/enigmegame.com\/index.php\/enigme-game\/","og_locale":"fr_FR","og_type":"article","og_title":"Enigme Game Napol\u00e9on - Enigme Game par My Urban Experience","og_description":"Il n\u2019y a pas d\u2019extrait, car cette publication est prot\u00e9g\u00e9e.","og_url":"https:\/\/enigmegame.com\/index.php\/enigme-game\/","og_site_name":"Enigme Game par My Urban Experience","article_modified_time":"2023-10-23T18:49:09+00:00","twitter_card":"summary_large_image","twitter_misc":{"Dur\u00e9e de lecture est.":"10 minutes"},"schema":{"@context":"https:\/\/schema.org","@graph":[{"@type":"WebSite","@id":"https:\/\/enigmegame.com\/#website","url":"https:\/\/enigmegame.com\/","name":"Enigme Game par My Urban Experience","description":"Des jeux d&#039;enqu\u00eate et d&#039;\u00e9nigmes \u00e0 faire \u00e0 la maison","potentialAction":[{"@type":"SearchAction","target":{"@type":"EntryPoint","urlTemplate":"https:\/\/enigmegame.com\/?s={search_term_string}"},"query-input":"required name=search_term_string"}],"inLanguage":"fr-FR"},{"@type":"WebPage","@id":"https:\/\/enigmegame.com\/index.php\/enigme-game\/#webpage","url":"https:\/\/enigmegame.com\/index.php\/enigme-game\/","name":"Enigme Game Napol\u00e9on - Enigme Game par My Urban Experience","isPartOf":{"@id":"https:\/\/enigmegame.com\/#website"},"datePublished":"2021-04-16T10:53:05+00:00","dateModified":"2023-10-23T18:49:09+00:00","breadcrumb":{"@id":"https:\/\/enigmegame.com\/index.php\/enigme-game\/#breadcrumb"},"inLanguage":"fr-FR"}]}},"_links":{"self":[{"href":"https:\/\/enigmegame.com\/index.php\/wp-json\/wp\/v2\/pages\/47"}],"collection":[{"href":"https:\/\/enigmegame.com\/index.php\/wp-json\/wp\/v2\/pages"}],"about":[{"href":"https:\/\/enigmegame.com\/index.php\/wp-json\/wp\/v2\/types\/page"}],"author":[{"embeddable":true,"href":"https:\/\/enigmegame.com\/index.php\/wp-json\/wp\/v2\/users\/1"}],"replies":[{"embeddable":true,"href":"https:\/\/enigmegame.com\/index.php\/wp-json\/wp\/v2\/comments?post=47"}],"version-history":[{"count":0,"href":"https:\/\/enigmegame.com\/index.php\/wp-json\/wp\/v2\/pages\/47\/revisions"}],"wp:attachment":[{"href":"https:\/\/enigmegame.com\/index.php\/wp-json\/wp\/v2\/media?parent=47"}],"curies":[{"name":"wp","href":"https:\/\/api.w.org\/{rel}","templated":true}]}}