{"id":114,"date":"2021-05-03T14:21:37","date_gmt":"2021-05-03T12:21:37","guid":{"rendered":"http:\/\/enigmegame.com\/?page_id=114"},"modified":"2023-11-02T15:57:32","modified_gmt":"2023-11-02T14:57:32","slug":"accueil-enigme-game","status":"publish","type":"page","link":"https:\/\/enigmegame.com\/","title":{"rendered":"Accueil Enigme Game"},"content":{"rendered":"\t\t<div data-elementor-type=\"wp-page\" data-elementor-id=\"114\" class=\"elementor elementor-114\" data-elementor-settings=\"[]\">\n\t\t\t\t\t\t\t<div class=\"elementor-section-wrap\">\n\t\t\t\t\t\t\t<section class=\"elementor-section elementor-top-section elementor-element elementor-element-01832a6 elementor-section-boxed elementor-section-height-default elementor-section-height-default\" data-id=\"01832a6\" data-element_type=\"section\" data-settings=\"{&quot;_ha_eqh_enable&quot;:false}\">\n\t\t\t\t\t\t<div class=\"elementor-container elementor-column-gap-extended\">\n\t\t\t\t\t<div class=\"elementor-column elementor-col-33 elementor-top-column elementor-element elementor-element-1011341\" data-id=\"1011341\" data-element_type=\"column\">\n\t\t\t<div class=\"elementor-widget-wrap elementor-element-populated\">\n\t\t\t\t\t\t\t\t<div class=\"elementor-element elementor-element-35cba7a elementor-widget elementor-widget-image\" data-id=\"35cba7a\" data-element_type=\"widget\" data-widget_type=\"image.default\">\n\t\t\t\t<div class=\"elementor-widget-container\">\n\t\t\t\t\t\t\t\t\t\t\t\t\t\t\t<img width=\"800\" height=\"800\" src=\"https:\/\/enigmegame.com\/wp-content\/uploads\/2021\/09\/logo-enigmegame-couleur.jpg\" class=\"attachment-large size-large\" alt=\"\" loading=\"lazy\" srcset=\"https:\/\/enigmegame.com\/wp-content\/uploads\/2021\/09\/logo-enigmegame-couleur.jpg 800w, https:\/\/enigmegame.com\/wp-content\/uploads\/2021\/09\/logo-enigmegame-couleur-300x300.jpg 300w, https:\/\/enigmegame.com\/wp-content\/uploads\/2021\/09\/logo-enigmegame-couleur-150x150.jpg 150w, https:\/\/enigmegame.com\/wp-content\/uploads\/2021\/09\/logo-enigmegame-couleur-768x768.jpg 768w\" sizes=\"(max-width: 800px) 100vw, 800px\" \/>\t\t\t\t\t\t\t\t\t\t\t\t\t\t\t<\/div>\n\t\t\t\t<\/div>\n\t\t\t\t<div class=\"elementor-element elementor-element-c3c04ea elementor-align-center elementor-widget elementor-widget-button\" data-id=\"c3c04ea\" data-element_type=\"widget\" data-widget_type=\"button.default\">\n\t\t\t\t<div class=\"elementor-widget-container\">\n\t\t\t\t\t<div class=\"elementor-button-wrapper\">\n\t\t\t<a href=\"https:\/\/enigmegame.com\/index.php\/enigme-game\/\" target=\"_blank\" class=\"elementor-button-link elementor-button elementor-size-sm elementor-animation-grow\" role=\"button\">\n\t\t\t\t\t\t<span class=\"elementor-button-content-wrapper\">\n\t\t\t\t\t\t<span class=\"elementor-button-text\">Commencer la partie<\/span>\n\t\t<\/span>\n\t\t\t\t\t<\/a>\n\t\t<\/div>\n\t\t\t\t<\/div>\n\t\t\t\t<\/div>\n\t\t\t\t\t<\/div>\n\t\t<\/div>\n\t\t\t\t<div class=\"elementor-column elementor-col-33 elementor-top-column elementor-element elementor-element-b4ff3f1\" data-id=\"b4ff3f1\" data-element_type=\"column\">\n\t\t\t<div class=\"elementor-widget-wrap elementor-element-populated\">\n\t\t\t\t\t\t\t\t<div class=\"elementor-element elementor-element-89773dd elementor-widget elementor-widget-image\" data-id=\"89773dd\" data-element_type=\"widget\" data-widget_type=\"image.default\">\n\t\t\t\t<div class=\"elementor-widget-container\">\n\t\t\t\t\t\t\t\t\t\t\t\t\t\t\t<img width=\"1000\" height=\"1000\" src=\"https:\/\/enigmegame.com\/wp-content\/uploads\/2023\/10\/logo-enigme-game-sport-1.png\" class=\"attachment-large size-large\" alt=\"\" loading=\"lazy\" srcset=\"https:\/\/enigmegame.com\/wp-content\/uploads\/2023\/10\/logo-enigme-game-sport-1.png 1000w, https:\/\/enigmegame.com\/wp-content\/uploads\/2023\/10\/logo-enigme-game-sport-1-300x300.png 300w, https:\/\/enigmegame.com\/wp-content\/uploads\/2023\/10\/logo-enigme-game-sport-1-150x150.png 150w, https:\/\/enigmegame.com\/wp-content\/uploads\/2023\/10\/logo-enigme-game-sport-1-768x768.png 768w\" sizes=\"(max-width: 1000px) 100vw, 1000px\" \/>\t\t\t\t\t\t\t\t\t\t\t\t\t\t\t<\/div>\n\t\t\t\t<\/div>\n\t\t\t\t<div class=\"elementor-element elementor-element-a2d57ee elementor-align-center elementor-widget elementor-widget-button\" data-id=\"a2d57ee\" data-element_type=\"widget\" data-widget_type=\"button.default\">\n\t\t\t\t<div class=\"elementor-widget-container\">\n\t\t\t\t\t<div class=\"elementor-button-wrapper\">\n\t\t\t<a href=\"https:\/\/enigmegame.com\/index.php\/enigme-game-sport\/\" target=\"_blank\" class=\"elementor-button-link elementor-button elementor-size-sm elementor-animation-grow\" role=\"button\">\n\t\t\t\t\t\t<span class=\"elementor-button-content-wrapper\">\n\t\t\t\t\t\t<span class=\"elementor-button-text\">Commencer la partie<\/span>\n\t\t<\/span>\n\t\t\t\t\t<\/a>\n\t\t<\/div>\n\t\t\t\t<\/div>\n\t\t\t\t<\/div>\n\t\t\t\t\t<\/div>\n\t\t<\/div>\n\t\t\t\t<div class=\"elementor-column elementor-col-33 elementor-top-column elementor-element elementor-element-1ef5d2e\" data-id=\"1ef5d2e\" data-element_type=\"column\">\n\t\t\t<div class=\"elementor-widget-wrap elementor-element-populated\">\n\t\t\t\t\t\t\t\t<div class=\"elementor-element elementor-element-695c479 elementor-widget elementor-widget-image\" data-id=\"695c479\" data-element_type=\"widget\" data-widget_type=\"image.default\">\n\t\t\t\t<div class=\"elementor-widget-container\">\n\t\t\t\t\t\t\t\t\t\t\t\t\t\t\t<img width=\"800\" height=\"800\" src=\"https:\/\/enigmegame.com\/wp-content\/uploads\/2021\/09\/logo-jeu-en-construction.png\" class=\"attachment-large size-large\" alt=\"\" loading=\"lazy\" srcset=\"https:\/\/enigmegame.com\/wp-content\/uploads\/2021\/09\/logo-jeu-en-construction.png 800w, https:\/\/enigmegame.com\/wp-content\/uploads\/2021\/09\/logo-jeu-en-construction-300x300.png 300w, https:\/\/enigmegame.com\/wp-content\/uploads\/2021\/09\/logo-jeu-en-construction-150x150.png 150w, https:\/\/enigmegame.com\/wp-content\/uploads\/2021\/09\/logo-jeu-en-construction-768x768.png 768w\" sizes=\"(max-width: 800px) 100vw, 800px\" \/>\t\t\t\t\t\t\t\t\t\t\t\t\t\t\t<\/div>\n\t\t\t\t<\/div>\n\t\t\t\t\t<\/div>\n\t\t<\/div>\n\t\t\t\t\t\t\t<\/div>\n\t\t<\/section>\n\t\t\t\t<section class=\"elementor-section elementor-top-section elementor-element elementor-element-07c347a elementor-section-boxed elementor-section-height-default elementor-section-height-default\" data-id=\"07c347a\" data-element_type=\"section\" data-settings=\"{&quot;_ha_eqh_enable&quot;:false}\">\n\t\t\t\t\t\t<div class=\"elementor-container elementor-column-gap-default\">\n\t\t\t\t\t<div class=\"elementor-column elementor-col-33 elementor-top-column elementor-element elementor-element-8ed3c90\" data-id=\"8ed3c90\" data-element_type=\"column\">\n\t\t\t<div class=\"elementor-widget-wrap elementor-element-populated\">\n\t\t\t\t\t\t\t\t<div class=\"elementor-element elementor-element-c7dd3fe elementor-widget elementor-widget-image\" data-id=\"c7dd3fe\" data-element_type=\"widget\" data-widget_type=\"image.default\">\n\t\t\t\t<div class=\"elementor-widget-container\">\n\t\t\t\t\t\t\t\t\t\t\t\t\t\t\t<img width=\"800\" height=\"800\" src=\"https:\/\/enigmegame.com\/wp-content\/uploads\/2021\/09\/logo-jeu-en-construction.png\" class=\"attachment-large size-large\" alt=\"\" loading=\"lazy\" srcset=\"https:\/\/enigmegame.com\/wp-content\/uploads\/2021\/09\/logo-jeu-en-construction.png 800w, https:\/\/enigmegame.com\/wp-content\/uploads\/2021\/09\/logo-jeu-en-construction-300x300.png 300w, https:\/\/enigmegame.com\/wp-content\/uploads\/2021\/09\/logo-jeu-en-construction-150x150.png 150w, https:\/\/enigmegame.com\/wp-content\/uploads\/2021\/09\/logo-jeu-en-construction-768x768.png 768w\" sizes=\"(max-width: 800px) 100vw, 800px\" \/>\t\t\t\t\t\t\t\t\t\t\t\t\t\t\t<\/div>\n\t\t\t\t<\/div>\n\t\t\t\t\t<\/div>\n\t\t<\/div>\n\t\t\t\t<div class=\"elementor-column elementor-col-33 elementor-top-column elementor-element elementor-element-a186a02\" data-id=\"a186a02\" data-element_type=\"column\">\n\t\t\t<div class=\"elementor-widget-wrap elementor-element-populated\">\n\t\t\t\t\t\t\t\t<div class=\"elementor-element elementor-element-7c79a1e elementor-widget elementor-widget-image\" data-id=\"7c79a1e\" data-element_type=\"widget\" data-widget_type=\"image.default\">\n\t\t\t\t<div class=\"elementor-widget-container\">\n\t\t\t\t\t\t\t\t\t\t\t\t\t\t\t<img width=\"800\" height=\"800\" src=\"https:\/\/enigmegame.com\/wp-content\/uploads\/2021\/09\/logo-jeu-en-construction.png\" class=\"attachment-large size-large\" alt=\"\" loading=\"lazy\" srcset=\"https:\/\/enigmegame.com\/wp-content\/uploads\/2021\/09\/logo-jeu-en-construction.png 800w, https:\/\/enigmegame.com\/wp-content\/uploads\/2021\/09\/logo-jeu-en-construction-300x300.png 300w, https:\/\/enigmegame.com\/wp-content\/uploads\/2021\/09\/logo-jeu-en-construction-150x150.png 150w, https:\/\/enigmegame.com\/wp-content\/uploads\/2021\/09\/logo-jeu-en-construction-768x768.png 768w\" sizes=\"(max-width: 800px) 100vw, 800px\" \/>\t\t\t\t\t\t\t\t\t\t\t\t\t\t\t<\/div>\n\t\t\t\t<\/div>\n\t\t\t\t\t<\/div>\n\t\t<\/div>\n\t\t\t\t<div class=\"elementor-column elementor-col-33 elementor-top-column elementor-element elementor-element-bb4847e\" data-id=\"bb4847e\" data-element_type=\"column\">\n\t\t\t<div class=\"elementor-widget-wrap elementor-element-populated\">\n\t\t\t\t\t\t\t\t<div class=\"elementor-element elementor-element-99c705c elementor-widget elementor-widget-image\" data-id=\"99c705c\" data-element_type=\"widget\" data-widget_type=\"image.default\">\n\t\t\t\t<div class=\"elementor-widget-container\">\n\t\t\t\t\t\t\t\t\t\t\t\t\t\t\t<img width=\"800\" height=\"800\" src=\"https:\/\/enigmegame.com\/wp-content\/uploads\/2021\/09\/logo-jeu-en-construction.png\" class=\"attachment-large size-large\" alt=\"\" loading=\"lazy\" srcset=\"https:\/\/enigmegame.com\/wp-content\/uploads\/2021\/09\/logo-jeu-en-construction.png 800w, https:\/\/enigmegame.com\/wp-content\/uploads\/2021\/09\/logo-jeu-en-construction-300x300.png 300w, https:\/\/enigmegame.com\/wp-content\/uploads\/2021\/09\/logo-jeu-en-construction-150x150.png 150w, https:\/\/enigmegame.com\/wp-content\/uploads\/2021\/09\/logo-jeu-en-construction-768x768.png 768w\" sizes=\"(max-width: 800px) 100vw, 800px\" \/>\t\t\t\t\t\t\t\t\t\t\t\t\t\t\t<\/div>\n\t\t\t\t<\/div>\n\t\t\t\t\t<\/div>\n\t\t<\/div>\n\t\t\t\t\t\t\t<\/div>\n\t\t<\/section>\n\t\t\t\t\t\t<\/div>\n\t\t\t\t\t<\/div>\n\t\t","protected":false},"excerpt":{"rendered":"<p>Commencer la partie Commencer la partie<\/p>\n","protected":false},"author":1,"featured_media":0,"parent":0,"menu_order":0,"comment_status":"closed","ping_status":"closed","template":"","meta":[],"yoast_head":"<!-- This site is optimized with the Yoast SEO plugin v17.4 - https:\/\/yoast.com\/wordpress\/plugins\/seo\/ -->\n<title>D\u00e9couvrez les jeux d&#039;enqu\u00eate d&#039;Enigme Game<\/title>\n<meta name=\"description\" content=\"R\u00e9solvez \u00e0 travers ces jeux \u00e0 th\u00e8me des \u00e9nigmes adapt\u00e9s \u00e0 tous les \u00e2ges. Une activit\u00e9 \u00e0 partager en famille, en groupe ou entre amis !\" \/>\n<meta name=\"robots\" content=\"index, follow, max-snippet:-1, max-image-preview:large, max-video-preview:-1\" \/>\n<link rel=\"canonical\" href=\"https:\/\/enigmegame.com\/\" \/>\n<meta property=\"og:locale\" content=\"fr_FR\" \/>\n<meta property=\"og:type\" content=\"article\" \/>\n<meta property=\"og:title\" content=\"D\u00e9couvrez les jeux d&#039;enqu\u00eate d&#039;Enigme Game\" \/>\n<meta property=\"og:description\" content=\"R\u00e9solvez \u00e0 travers ces jeux \u00e0 th\u00e8me des \u00e9nigmes adapt\u00e9s \u00e0 tous les \u00e2ges. Une activit\u00e9 \u00e0 partager en famille, en groupe ou entre amis !\" \/>\n<meta property=\"og:url\" content=\"https:\/\/enigmegame.com\/\" \/>\n<meta property=\"og:site_name\" content=\"Enigme Game par My Urban Experience\" \/>\n<meta property=\"article:modified_time\" content=\"2023-11-02T14:57:32+00:00\" \/>\n<meta property=\"og:image\" content=\"https:\/\/enigmegame.com\/wp-content\/uploads\/2021\/09\/logo-enigmegame-couleur.jpg\" \/>\n<meta name=\"twitter:card\" content=\"summary_large_image\" \/>\n<meta name=\"twitter:label1\" content=\"Dur\u00e9e de lecture est.\" \/>\n\t<meta name=\"twitter:data1\" content=\"2 minutes\" \/>\n<script type=\"application\/ld+json\" class=\"yoast-schema-graph\">{\"@context\":\"https:\/\/schema.org\",\"@graph\":[{\"@type\":\"WebSite\",\"@id\":\"https:\/\/enigmegame.com\/#website\",\"url\":\"https:\/\/enigmegame.com\/\",\"name\":\"Enigme Game par My Urban Experience\",\"description\":\"Des jeux d&#039;enqu\\u00eate et d&#039;\\u00e9nigmes \\u00e0 faire \\u00e0 la maison\",\"potentialAction\":[{\"@type\":\"SearchAction\",\"target\":{\"@type\":\"EntryPoint\",\"urlTemplate\":\"https:\/\/enigmegame.com\/?s={search_term_string}\"},\"query-input\":\"required name=search_term_string\"}],\"inLanguage\":\"fr-FR\"},{\"@type\":\"ImageObject\",\"@id\":\"https:\/\/enigmegame.com\/#primaryimage\",\"inLanguage\":\"fr-FR\",\"url\":\"https:\/\/enigmegame.com\/wp-content\/uploads\/2021\/09\/logo-enigmegame-couleur.jpg\",\"contentUrl\":\"https:\/\/enigmegame.com\/wp-content\/uploads\/2021\/09\/logo-enigmegame-couleur.jpg\",\"width\":800,\"height\":800},{\"@type\":\"WebPage\",\"@id\":\"https:\/\/enigmegame.com\/#webpage\",\"url\":\"https:\/\/enigmegame.com\/\",\"name\":\"D\\u00e9couvrez les jeux d'enqu\\u00eate d'Enigme Game\",\"isPartOf\":{\"@id\":\"https:\/\/enigmegame.com\/#website\"},\"primaryImageOfPage\":{\"@id\":\"https:\/\/enigmegame.com\/#primaryimage\"},\"datePublished\":\"2021-05-03T12:21:37+00:00\",\"dateModified\":\"2023-11-02T14:57:32+00:00\",\"description\":\"R\\u00e9solvez \\u00e0 travers ces jeux \\u00e0 th\\u00e8me des \\u00e9nigmes adapt\\u00e9s \\u00e0 tous les \\u00e2ges. Une activit\\u00e9 \\u00e0 partager en famille, en groupe ou entre amis !\",\"breadcrumb\":{\"@id\":\"https:\/\/enigmegame.com\/#breadcrumb\"},\"inLanguage\":\"fr-FR\",\"potentialAction\":[{\"@type\":\"ReadAction\",\"target\":[\"https:\/\/enigmegame.com\/\"]}]},{\"@type\":\"BreadcrumbList\",\"@id\":\"https:\/\/enigmegame.com\/#breadcrumb\",\"itemListElement\":[{\"@type\":\"ListItem\",\"position\":1,\"name\":\"Home\",\"item\":\"https:\/\/enigmegame.com\/\"},{\"@type\":\"ListItem\",\"position\":2,\"name\":\"Accueil Enigme Game\"}]}]}<\/script>\n<!-- \/ Yoast SEO plugin. -->","yoast_head_json":{"title":"D\u00e9couvrez les jeux d'enqu\u00eate d'Enigme Game","description":"R\u00e9solvez \u00e0 travers ces jeux \u00e0 th\u00e8me des \u00e9nigmes adapt\u00e9s \u00e0 tous les \u00e2ges. Une activit\u00e9 \u00e0 partager en famille, en groupe ou entre amis !","robots":{"index":"index","follow":"follow","max-snippet":"max-snippet:-1","max-image-preview":"max-image-preview:large","max-video-preview":"max-video-preview:-1"},"canonical":"https:\/\/enigmegame.com\/","og_locale":"fr_FR","og_type":"article","og_title":"D\u00e9couvrez les jeux d'enqu\u00eate d'Enigme Game","og_description":"R\u00e9solvez \u00e0 travers ces jeux \u00e0 th\u00e8me des \u00e9nigmes adapt\u00e9s \u00e0 tous les \u00e2ges. Une activit\u00e9 \u00e0 partager en famille, en groupe ou entre amis !","og_url":"https:\/\/enigmegame.com\/","og_site_name":"Enigme Game par My Urban Experience","article_modified_time":"2023-11-02T14:57:32+00:00","og_image":[{"url":"https:\/\/enigmegame.com\/wp-content\/uploads\/2021\/09\/logo-enigmegame-couleur.jpg"}],"twitter_card":"summary_large_image","twitter_misc":{"Dur\u00e9e de lecture est.":"2 minutes"},"schema":{"@context":"https:\/\/schema.org","@graph":[{"@type":"WebSite","@id":"https:\/\/enigmegame.com\/#website","url":"https:\/\/enigmegame.com\/","name":"Enigme Game par My Urban Experience","description":"Des jeux d&#039;enqu\u00eate et d&#039;\u00e9nigmes \u00e0 faire \u00e0 la maison","potentialAction":[{"@type":"SearchAction","target":{"@type":"EntryPoint","urlTemplate":"https:\/\/enigmegame.com\/?s={search_term_string}"},"query-input":"required name=search_term_string"}],"inLanguage":"fr-FR"},{"@type":"ImageObject","@id":"https:\/\/enigmegame.com\/#primaryimage","inLanguage":"fr-FR","url":"https:\/\/enigmegame.com\/wp-content\/uploads\/2021\/09\/logo-enigmegame-couleur.jpg","contentUrl":"https:\/\/enigmegame.com\/wp-content\/uploads\/2021\/09\/logo-enigmegame-couleur.jpg","width":800,"height":800},{"@type":"WebPage","@id":"https:\/\/enigmegame.com\/#webpage","url":"https:\/\/enigmegame.com\/","name":"D\u00e9couvrez les jeux d'enqu\u00eate d'Enigme Game","isPartOf":{"@id":"https:\/\/enigmegame.com\/#website"},"primaryImageOfPage":{"@id":"https:\/\/enigmegame.com\/#primaryimage"},"datePublished":"2021-05-03T12:21:37+00:00","dateModified":"2023-11-02T14:57:32+00:00","description":"R\u00e9solvez \u00e0 travers ces jeux \u00e0 th\u00e8me des \u00e9nigmes adapt\u00e9s \u00e0 tous les \u00e2ges. Une activit\u00e9 \u00e0 partager en famille, en groupe ou entre amis !","breadcrumb":{"@id":"https:\/\/enigmegame.com\/#breadcrumb"},"inLanguage":"fr-FR","potentialAction":[{"@type":"ReadAction","target":["https:\/\/enigmegame.com\/"]}]},{"@type":"BreadcrumbList","@id":"https:\/\/enigmegame.com\/#breadcrumb","itemListElement":[{"@type":"ListItem","position":1,"name":"Home","item":"https:\/\/enigmegame.com\/"},{"@type":"ListItem","position":2,"name":"Accueil Enigme Game"}]}]}},"_links":{"self":[{"href":"https:\/\/enigmegame.com\/index.php\/wp-json\/wp\/v2\/pages\/114"}],"collection":[{"href":"https:\/\/enigmegame.com\/index.php\/wp-json\/wp\/v2\/pages"}],"about":[{"href":"https:\/\/enigmegame.com\/index.php\/wp-json\/wp\/v2\/types\/page"}],"author":[{"embeddable":true,"href":"https:\/\/enigmegame.com\/index.php\/wp-json\/wp\/v2\/users\/1"}],"replies":[{"embeddable":true,"href":"https:\/\/enigmegame.com\/index.php\/wp-json\/wp\/v2\/comments?post=114"}],"version-history":[{"count":7,"href":"https:\/\/enigmegame.com\/index.php\/wp-json\/wp\/v2\/pages\/114\/revisions"}],"predecessor-version":[{"id":2780,"href":"https:\/\/enigmegame.com\/index.php\/wp-json\/wp\/v2\/pages\/114\/revisions\/2780"}],"wp:attachment":[{"href":"https:\/\/enigmegame.com\/index.php\/wp-json\/wp\/v2\/media?parent=114"}],"curies":[{"name":"wp","href":"https:\/\/api.w.org\/{rel}","templated":true}]}}